{"id":9,"date":"2021-01-21T18:40:10","date_gmt":"2021-01-21T18:40:10","guid":{"rendered":"http:\/\/neu.zertifikat-waldpaedagogik.de\/?page_id=9"},"modified":"2025-02-18T13:33:09","modified_gmt":"2025-02-18T13:33:09","slug":"das-zertifikat","status":"publish","type":"page","link":"https:\/\/zertifikat-waldpaedagogik.de\/","title":{"rendered":"Staatliches Zertifikat"},"content":{"rendered":"\n<h3 class=\"wp-block-heading\">Ein bundesweit g\u00fcltiges Zertifikat der L\u00e4nder <\/h3>\n\n\n\n<p>Waldp\u00e4dagogik ist erlebensreiche Bildung im Wald und betrifft alle Lebensbereiche. Der Wald als erfahrbarer Bildungsraum liegt im Trend und waldbezogene Bildungsarbeit ist in der au\u00dferschulischen Bildungslandschaft mit vielf\u00e4ltigen Angeboten vertreten . Um die Qualit\u00e4t der Angebote in der Waldp\u00e4dagogik l\u00e4nder\u00fcbergreifend zu sichern, erarbeitete der \u201eBundesarbeitskreis Zertifikat Waldp\u00e4dagogik\u201c <a href=\"https:\/\/zertifikat-waldpaedagogik.de\/wp-content\/uploads\/2025\/02\/Mindeststandards_Zertifikat_Waldpaedagogik_Stand-12.02.2024.pdf\" data-type=\"link\" data-id=\"https:\/\/zertifikat-waldpaedagogik.de\/wp-content\/uploads\/2025\/02\/Mindeststandards_Zertifikat_Waldpaedagogik_Stand-12.02.2024.pdf\">Mindeststandards f\u00fcr einen Zertifikatslehrgang Waldp\u00e4dagogik<\/a>.\u00a0<\/p>\n\n\n\n<p>Das \u201eZertifikat Waldp\u00e4dagogik\u201c stellt den bundeseinheitlichen Fortbildungs- und Pr\u00fcfungsrahmen dar, auf den sich die Bundesl\u00e4nder durch ihre jeweiligen Forstverwaltungen oder Landesbetriebe als staatliche Tr\u00e4ger in der Bund-L\u00e4nder-Forstchefkonferenz (FCK) verbindlich verst\u00e4ndigt haben.<\/p>\n\n\n\n<p>Durch die Vergabe des Zertifikats mit seinen definierten Mindeststandards wird die waldp\u00e4dagogische Arbeit professionalisiert und ihr Marktwert verbessert. Anbieter der Fortbildungskurse sind die <a href=\"https:\/\/zertifikat-waldpaedagogik.de\/?page_id=49\" data-type=\"page\" data-id=\"49\">Forstverwaltungen der L\u00e4nder mit ihren Partnern und beauftragten Stellen.<\/a><\/p>\n\n\n\n<p><strong>Ziele<\/strong><\/p>\n\n\n\n<p>Ziel des Zertifikates Waldp\u00e4dagogik ist die Qualifizierung von Waldp\u00e4dagog:innen auf, von den Landesforstverwaltungen, forstlichen Landesbetrieben und Landesanstalten anerkannten, gemeinsam entwickelten und stetig fortgeschriebenen Qualit\u00e4tsstandards mit dem Abschluss \u201eStaatlich zertifizierte Waldp\u00e4dagogin\u201c bzw. \u201eStaatlich zertifizierter Waldp\u00e4dagoge\u201c. Das Zertifikat leistet insoweit einen wichtigen Beitrag zu:<\/p>\n\n\n\n<ul class=\"wp-block-list\">\n<li>UNESCO-Weltaktionsprogramm Bildung f\u00fcr nachhaltige Entwicklung (WAP BNE 2015\u20132019)<\/li>\n\n\n\n<li>Nationaler Aktionsplan Bildung f\u00fcr nachhaltige Entwicklung (2017)<\/li>\n\n\n\n<li>Entsprechenden Programmen und Pl\u00e4nen der L\u00e4nder<\/li>\n\n\n\n<li>\u201eDer Zukunftsvertrag f\u00fcr die Welt \u2013 Die Agenda 2030 f\u00fcr eine nachhaltige Entwicklung\u201c mit den 17 Sustainable Development Goals (SDGs)<\/li>\n\n\n\n<li>UNESCO-Programm \u201eEducation for Sustainable Development: Towards achieving the SDGs\u201c \u2013 kurz \u201eBNE 2030\u201c:<\/li>\n<\/ul>\n\n\n\n<p>Durch die in den teilnehmenden Bundesl\u00e4ndern angebotene Qualifizierung eines gemeinsam getragenen Zertifikates Waldp\u00e4dagogik wird ein hoher Grad an waldbezogener und p\u00e4dagogischer Kompetenz sowie Transparenz f\u00fcr Interessierte und f\u00fcr die \u00d6ffentlichkeit erreicht. Das Zertifikat bildet dar\u00fcber hinaus eine Grundlage f\u00fcr eine Vergabe waldp\u00e4dagogischer Dienstleistungsauftr\u00e4ge oder eine \u00f6ffentliche F\u00f6rderung von waldp\u00e4dagogischen Aktivit\u00e4ten.<br><\/p>\n\n\n\n<p><\/p>\n\n\n\n<ul class=\"wp-block-list\">\n<li><strong>Zielgruppen<\/strong><\/li>\n<\/ul>\n\n\n\n<p>Das Angebot der Zertifikatslehrg\u00e4nge Waldp\u00e4dagogik wendet sich an<\/p>\n\n\n\n<ul class=\"wp-block-list\">\n<li>Personen mit einer abgeschlossenen, berufsqualifizierenden Ausbildung vornehmlich im \u201egr\u00fcnen\u201c oder \u201ep\u00e4dagogischem\u201c Bereich oder langj\u00e4hriger Erfahrung in den genannten Gebieten (Ausnahme sind bei pers\u00f6nlicher Eignung m\u00f6glich),<\/li>\n\n\n\n<li>Personen, die eine pers\u00f6nliche Beziehung zum Wald besitzen,<\/li>\n\n\n\n<li>Personen, die die F\u00e4higkeit zur Selbst- und Gruppenreflexion sowie Empathief\u00e4higkeit besitzen.<\/li>\n<\/ul>\n","protected":false},"excerpt":{"rendered":"<p>Ein bundesweit g\u00fcltiges Zertifikat der L\u00e4nder Waldp\u00e4dagogik ist erlebensreiche Bildung im Wald und betrifft alle Lebensbereiche. Der Wald als erfahrbarer Bildungsraum liegt im Trend und waldbezogene Bildungsarbeit ist in der au\u00dferschulischen Bildungslandschaft mit vielf\u00e4ltigen Angeboten vertreten . Um die Qualit\u00e4t der Angebote in der Waldp\u00e4dagogik l\u00e4nder\u00fcbergreifend zu sichern, erarbeitete der \u201eBundesarbeitskreis Zertifikat Waldp\u00e4dagogik\u201c Mindeststandards f\u00fcr&hellip;&nbsp;<a href=\"https:\/\/zertifikat-waldpaedagogik.de\/\" class=\"\" rel=\"bookmark\">Weiterlesen &raquo;<span class=\"screen-reader-text\">Staatliches Zertifikat<\/span><\/a><\/p>\n","protected":false},"author":1,"featured_media":205,"parent":0,"menu_order":0,"comment_status":"closed","ping_status":"closed","template":"","meta":{"neve_meta_sidebar":"full-width","neve_meta_container":"","neve_meta_enable_content_width":"on","neve_meta_content_width":100,"neve_meta_title_alignment":"","neve_meta_author_avatar":"","neve_post_elements_order":"","neve_meta_disable_header":"","neve_meta_disable_footer":"","neve_meta_disable_title":"","footnotes":""},"class_list":["post-9","page","type-page","status-publish","has-post-thumbnail","hentry"],"_links":{"self":[{"href":"https:\/\/zertifikat-waldpaedagogik.de\/index.php?rest_route=\/wp\/v2\/pages\/9","targetHints":{"allow":["GET"]}}],"collection":[{"href":"https:\/\/zertifikat-waldpaedagogik.de\/index.php?rest_route=\/wp\/v2\/pages"}],"about":[{"href":"https:\/\/zertifikat-waldpaedagogik.de\/index.php?rest_route=\/wp\/v2\/types\/page"}],"author":[{"embeddable":true,"href":"https:\/\/zertifikat-waldpaedagogik.de\/index.php?rest_route=\/wp\/v2\/users\/1"}],"replies":[{"embeddable":true,"href":"https:\/\/zertifikat-waldpaedagogik.de\/index.php?rest_route=%2Fwp%2Fv2%2Fcomments&post=9"}],"version-history":[{"count":19,"href":"https:\/\/zertifikat-waldpaedagogik.de\/index.php?rest_route=\/wp\/v2\/pages\/9\/revisions"}],"predecessor-version":[{"id":366,"href":"https:\/\/zertifikat-waldpaedagogik.de\/index.php?rest_route=\/wp\/v2\/pages\/9\/revisions\/366"}],"wp:featuredmedia":[{"embeddable":true,"href":"https:\/\/zertifikat-waldpaedagogik.de\/index.php?rest_route=\/wp\/v2\/media\/205"}],"wp:attachment":[{"href":"https:\/\/zertifikat-waldpaedagogik.de\/index.php?rest_route=%2Fwp%2Fv2%2Fmedia&parent=9"}],"curies":[{"name":"wp","href":"https:\/\/api.w.org\/{rel}","templated":true}]}}